{"id":20,"date":"2018-08-21T14:35:20","date_gmt":"2018-08-21T12:35:20","guid":{"rendered":"https:\/\/www.artefactyou.com\/?page_id=20"},"modified":"2018-10-15T15:03:24","modified_gmt":"2018-10-15T13:03:24","slug":"to","status":"publish","type":"page","link":"https:\/\/www.artefactyou.com\/es\/to\/","title":{"rendered":"to"},"content":{"rendered":"<div data-elementor-type=\"wp-post\" data-elementor-id=\"20\" class=\"elementor elementor-20 elementor-bc-flex-widget\" data-elementor-post-type=\"page\">\n\t\t\t\t\t\t<section class=\"elementor-section elementor-top-section elementor-element elementor-element-1cd503c7 elementor-section-stretched elementor-section-full_width elementor-section-height-default elementor-section-height-default\" data-id=\"1cd503c7\" data-element_type=\"section\" data-e-type=\"section\" data-settings=\"{&quot;stretch_section&quot;:&quot;section-stretched&quot;,&quot;background_background&quot;:&quot;classic&quot;}\">\n\t\t\t\t\t\t<div class=\"elementor-container elementor-column-gap-default\">\n\t\t\t\t\t<div class=\"elementor-column elementor-col-100 elementor-top-column elementor-element elementor-element-6fa3442e\" data-id=\"6fa3442e\" data-element_type=\"column\" data-e-type=\"column\">\n\t\t\t<div class=\"elementor-widget-wrap\">\n\t\t\t\t\t\t\t<\/div>\n\t\t<\/div>\n\t\t\t\t\t<\/div>\n\t\t<\/section>\n\t\t\t\t<section class=\"elementor-section elementor-top-section elementor-element elementor-element-657c7e56 elementor-section-boxed elementor-section-height-default elementor-section-height-default\" data-id=\"657c7e56\" data-element_type=\"section\" data-e-type=\"section\">\n\t\t\t\t\t\t<div class=\"elementor-container elementor-column-gap-default\">\n\t\t\t\t\t<div class=\"elementor-column elementor-col-100 elementor-top-column elementor-element elementor-element-6617e50e\" data-id=\"6617e50e\" data-element_type=\"column\" data-e-type=\"column\">\n\t\t\t<div class=\"elementor-widget-wrap elementor-element-populated\">\n\t\t\t\t\t\t<div class=\"elementor-element elementor-element-41a0f3d elementor-invisible elementor-widget elementor-widget-image\" data-id=\"41a0f3d\" data-element_type=\"widget\" data-e-type=\"widget\" data-settings=\"{&quot;_animation&quot;:&quot;zoomIn&quot;}\" data-widget_type=\"image.default\">\n\t\t\t\t<div class=\"elementor-widget-container\">\n\t\t\t\t\t\t\t\t\t\t\t\t\t\t\t<img decoding=\"async\" width=\"1\" height=\"1\" src=\"https:\/\/www.artefactyou.com\/wp-content\/uploads\/2018\/09\/Polygone_hintergrund_farbig_ohne_rahmen.svg\" class=\"attachment-thumbnail size-thumbnail wp-image-849\" alt=\"\" \/>\t\t\t\t\t\t\t\t\t\t\t\t\t\t\t<\/div>\n\t\t\t\t<\/div>\n\t\t\t\t\t<\/div>\n\t\t<\/div>\n\t\t\t\t\t<\/div>\n\t\t<\/section>\n\t\t\t\t<section class=\"elementor-section elementor-top-section elementor-element elementor-element-12a69f65 elementor-section-boxed elementor-section-height-default elementor-section-height-default\" data-id=\"12a69f65\" data-element_type=\"section\" data-e-type=\"section\">\n\t\t\t\t\t\t<div class=\"elementor-container elementor-column-gap-default\">\n\t\t\t\t\t<div class=\"elementor-column elementor-col-100 elementor-top-column elementor-element elementor-element-2cf678de\" data-id=\"2cf678de\" data-element_type=\"column\" data-e-type=\"column\">\n\t\t\t<div class=\"elementor-widget-wrap elementor-element-populated\">\n\t\t\t\t\t\t<div class=\"elementor-element elementor-element-1762096 elementor-widget elementor-widget-heading\" data-id=\"1762096\" data-element_type=\"widget\" data-e-type=\"widget\" data-widget_type=\"heading.default\">\n\t\t\t\t<div class=\"elementor-widget-container\">\n\t\t\t\t\t<h2 class=\"elementor-heading-title elementor-size-default\">to | Apertura, flow y agilidad como medios y fin de nuestro compromiso con el liderazgo.<\/h2>\t\t\t\t<\/div>\n\t\t\t\t<\/div>\n\t\t\t\t<div class=\"elementor-element elementor-element-6d4cbf74 elementor-widget elementor-widget-text-editor\" data-id=\"6d4cbf74\" data-element_type=\"widget\" data-e-type=\"widget\" data-widget_type=\"text-editor.default\">\n\t\t\t\t<div class=\"elementor-widget-container\">\n\t\t\t\t\t\t\t\t\t<p><strong>\u00bfPor qu\u00e9 este sitio est\u00e1 repleto de tantos \u201cnosotros\u201d, \u201cnuestros\u201d y \u201cnos\u201d? \u00bfA qui\u00e9n se refieren? \u00bfA Florian con el equipo de afY? \u00bfO \u00e9l y yo? \u00bfEllos y nosotros? \u00bfYo con mi gente? \u00bfO tal vez nosotros en tanto que sociedad?<\/strong><\/p><p><strong>Elige la opci\u00f3n que prefieras. Funciona. T\u00fa. Nosotros. Ellos. Juntos, en cualquier caso. Cuanto m\u00e1s, mejor.<\/strong><\/p>\t\t\t\t\t\t\t\t<\/div>\n\t\t\t\t<\/div>\n\t\t\t\t\t<\/div>\n\t\t<\/div>\n\t\t\t\t\t<\/div>\n\t\t<\/section>\n\t\t\t\t<section class=\"elementor-section elementor-top-section elementor-element elementor-element-a468f18 elementor-section-boxed elementor-section-height-default elementor-section-height-default\" data-id=\"a468f18\" data-element_type=\"section\" data-e-type=\"section\">\n\t\t\t\t\t\t<div class=\"elementor-container elementor-column-gap-no\">\n\t\t\t\t\t<div class=\"elementor-column elementor-col-100 elementor-top-column elementor-element elementor-element-257bb61\" data-id=\"257bb61\" data-element_type=\"column\" data-e-type=\"column\">\n\t\t\t<div class=\"elementor-widget-wrap elementor-element-populated\">\n\t\t\t\t\t\t<div class=\"elementor-element elementor-element-9e3efe6 elementor-widget elementor-widget-image\" data-id=\"9e3efe6\" data-element_type=\"widget\" data-e-type=\"widget\" data-widget_type=\"image.default\">\n\t\t\t\t<div class=\"elementor-widget-container\">\n\t\t\t\t\t\t\t\t\t\t\t\t\t\t\t<img fetchpriority=\"high\" decoding=\"async\" width=\"1480\" height=\"531\" src=\"https:\/\/www.artefactyou.com\/wp-content\/uploads\/2018\/09\/Collage_artefactYou_sw_13.09.jpg\" class=\"attachment-full size-full wp-image-883\" alt=\"\" srcset=\"https:\/\/www.artefactyou.com\/wp-content\/uploads\/2018\/09\/Collage_artefactYou_sw_13.09.jpg 1480w, https:\/\/www.artefactyou.com\/wp-content\/uploads\/2018\/09\/Collage_artefactYou_sw_13.09-300x108.jpg 300w, https:\/\/www.artefactyou.com\/wp-content\/uploads\/2018\/09\/Collage_artefactYou_sw_13.09-768x276.jpg 768w, https:\/\/www.artefactyou.com\/wp-content\/uploads\/2018\/09\/Collage_artefactYou_sw_13.09-1024x367.jpg 1024w\" sizes=\"(max-width: 1480px) 100vw, 1480px\" \/>\t\t\t\t\t\t\t\t\t\t\t\t\t\t\t<\/div>\n\t\t\t\t<\/div>\n\t\t\t\t<section class=\"elementor-section elementor-inner-section elementor-element elementor-element-c039961 elementor-section-content-top elementor-section-boxed elementor-section-height-default elementor-section-height-default\" data-id=\"c039961\" data-element_type=\"section\" data-e-type=\"section\">\n\t\t\t\t\t\t<div class=\"elementor-container elementor-column-gap-wide\">\n\t\t\t\t\t<div class=\"elementor-column elementor-col-50 elementor-inner-column elementor-element elementor-element-32b43b4\" data-id=\"32b43b4\" data-element_type=\"column\" data-e-type=\"column\">\n\t\t\t<div class=\"elementor-widget-wrap elementor-element-populated\">\n\t\t\t\t\t\t<div class=\"elementor-element elementor-element-21ba4bc elementor-widget elementor-widget-text-editor\" data-id=\"21ba4bc\" data-element_type=\"widget\" data-e-type=\"widget\" data-widget_type=\"text-editor.default\">\n\t\t\t\t<div class=\"elementor-widget-container\">\n\t\t\t\t\t\t\t\t\t<h3>Liderar con el ejemplo<\/h3><p>El compromiso con el liderazgo incluye una responsabilidad social, en nuestro puesto de trabajo y con la sociedad en el sentido m\u00e1s amplio. A diario podemos encontrar oportunidades para vivir y respirar ese compromiso, comport\u00e1ndonos como un ejemplo a seguir: cada vez que tomamos decisiones e indicamos el camino, pero tambi\u00e9n cuando prestamos nuestro o\u00eddo a opiniones alternativas y divergentes, y cuando mostramos nuestra fortaleza al reconocer y rectificar errores cometidos.<\/p><h3>La valent\u00eda de la apertura mental<\/h3><p>\u00bfC\u00f3mo y d\u00f3nde surgen las mejores ideas, soluciones y modelos de negocio? La mayor\u00eda de las veces, precisamente a ra\u00edz de un sincero an\u00e1lisis de nuestras debilidades, en el campo de tensi\u00f3n entre opuestos, mediante la composici\u00f3n de equipos interdisciplinares, a trav\u00e9s del choque de diversos enfoques y puntos de vista, de la influencia de gente que viene de otros campos, y gracias a la apertura hacia lo nuevo, lo no-ortodoxo, lo imprevisible.<\/p><p>Sin embargo, y sin disminuir la importancia de la diversidad, es la uni\u00f3n la que produce el sentimiento de \u00e9xito m\u00e1s abrumador.<\/p><h3>Flow<\/h3><p>La m\u00fasica como un acontecimiento implicando una din\u00e1mica de grupo fue la primera dimensi\u00f3n que me permiti\u00f3 experimentar el poder m\u00e1gico de un \u201cflow\u201d compartido, el poder irresistiblemente<\/p>\t\t\t\t\t\t\t\t<\/div>\n\t\t\t\t<\/div>\n\t\t\t\t\t<\/div>\n\t\t<\/div>\n\t\t\t\t<div class=\"elementor-column elementor-col-50 elementor-inner-column elementor-element elementor-element-c66673d\" data-id=\"c66673d\" data-element_type=\"column\" data-e-type=\"column\">\n\t\t\t<div class=\"elementor-widget-wrap elementor-element-populated\">\n\t\t\t\t\t\t<div class=\"elementor-element elementor-element-af40487 elementor-widget elementor-widget-text-editor\" data-id=\"af40487\" data-element_type=\"widget\" data-e-type=\"widget\" data-widget_type=\"text-editor.default\">\n\t\t\t\t<div class=\"elementor-widget-container\">\n\t\t\t\t\t\t\t\t\t<p>contagioso y atrayente de un pujante \u201cgroove\u201d. La fatiga f\u00edsica y mental desparecen de un plumazo, estructuras y procesos percibidos como complejos un rato antes se vuelven rutinas intuitivas, y nuevos espacios emergen.<\/p><p>Tambi\u00e9n en los deportes vivencio esa fascinaci\u00f3n cuando un equipo bien coordinado crea jugadas y movimientos brillantes, bas\u00e1ndose en conceptos t\u00e1cticos profundamente interiorizados. Entre otras, son situaciones tan diversas como la investigaci\u00f3n en equipo, demostraciones p\u00fablicas de solidaridad, momentos espirituales grupales o el desarrollo de proyectos sociales los que me han permitido experimentar esta especie de flow.<\/p><p>Cuando aparece es un signo inequ\u00edvoco de un gran trabajo en equipo, una exitosa cooperaci\u00f3n de diferentes actores y grupos, una interacci\u00f3n de funciones que fluye sin resistencias. Forma parte de nuestro compromiso con el liderazgo que facilitemos este flujo una y otra vez en nuestro entorno laboral, y como resultado logremos activar los potenciales de cada individuo y el grupo en su totalidad.<\/p><h3>Agilidad<\/h3><p>La filosof\u00eda, los principios, m\u00e9todos y t\u00e9cnicas \u00e1giles ya no est\u00e1n limitados a su aplicaci\u00f3n en el desarrollo de software. Nos proveen de numerosas, diversas y valiosas ideas para uso general en el desarrollo de nuestros proyectos, equipos y organizaciones.<\/p>\t\t\t\t\t\t\t\t<\/div>\n\t\t\t\t<\/div>\n\t\t\t\t\t<\/div>\n\t\t<\/div>\n\t\t\t\t\t<\/div>\n\t\t<\/section>\n\t\t\t\t\t<\/div>\n\t\t<\/div>\n\t\t\t\t\t<\/div>\n\t\t<\/section>\n\t\t\t\t<section class=\"elementor-section elementor-top-section elementor-element elementor-element-5929d32 elementor-section-content-middle elementor-section-boxed elementor-section-height-default elementor-section-height-default\" data-id=\"5929d32\" data-element_type=\"section\" data-e-type=\"section\">\n\t\t\t\t\t\t<div class=\"elementor-container elementor-column-gap-no\">\n\t\t\t\t\t<div class=\"elementor-column elementor-col-50 elementor-top-column elementor-element elementor-element-1a6932b5\" data-id=\"1a6932b5\" data-element_type=\"column\" data-e-type=\"column\">\n\t\t\t<div class=\"elementor-widget-wrap elementor-element-populated\">\n\t\t\t\t\t\t<div class=\"elementor-element elementor-element-40be7cc5 elementor-hidden-phone elementor-view-default elementor-widget elementor-widget-icon\" data-id=\"40be7cc5\" data-element_type=\"widget\" data-e-type=\"widget\" data-widget_type=\"icon.default\">\n\t\t\t\t<div class=\"elementor-widget-container\">\n\t\t\t\t\t\t\t<div class=\"elementor-icon-wrapper\">\n\t\t\t<div class=\"elementor-icon\">\n\t\t\t\t\t\t\t<i class=\"eci hello-icon_main\" aria-hidden=\"true\"><\/i>\n\t\t\t\t\t\t<\/div>\n\t\t<\/div>\n\t\t\t\t\t\t<\/div>\n\t\t\t\t<\/div>\n\t\t\t\t\t<\/div>\n\t\t<\/div>\n\t\t\t\t<div class=\"elementor-column elementor-col-50 elementor-top-column elementor-element elementor-element-3056d76\" data-id=\"3056d76\" data-element_type=\"column\" data-e-type=\"column\">\n\t\t\t<div class=\"elementor-widget-wrap elementor-element-populated\">\n\t\t\t\t\t\t<div class=\"elementor-element elementor-element-40d4e66f elementor-widget elementor-widget-text-editor\" data-id=\"40d4e66f\" data-element_type=\"widget\" data-e-type=\"widget\" data-widget_type=\"text-editor.default\">\n\t\t\t\t<div class=\"elementor-widget-container\">\n\t\t\t\t\t\t\t\t\t<p>Al compartirla, la carga se hace m\u00e1s liviana. Al aceptarlos, los errores nos regalan ense\u00f1anzas. Celebr\u00e1ndolo en grupo, el \u00e9xito se disfruta con creces. En la apertura hacia \u201clo otro\u201d yace nuestro mayor potencial de desarrollo. Interiorizar, vivir y transmitir estas conductas y capacidades es nuestra tarea como l\u00edderes.<\/p>\t\t\t\t\t\t\t\t<\/div>\n\t\t\t\t<\/div>\n\t\t\t\t\t<\/div>\n\t\t<\/div>\n\t\t\t\t\t<\/div>\n\t\t<\/section>\n\t\t\t\t<section class=\"elementor-section elementor-top-section elementor-element elementor-element-44a76b03 elementor-section-full_width elementor-section-height-default elementor-section-height-default\" data-id=\"44a76b03\" data-element_type=\"section\" data-e-type=\"section\">\n\t\t\t\t\t\t<div class=\"elementor-container elementor-column-gap-default\">\n\t\t\t\t\t<div class=\"elementor-column elementor-col-100 elementor-top-column elementor-element elementor-element-5482d333\" data-id=\"5482d333\" data-element_type=\"column\" data-e-type=\"column\">\n\t\t\t<div class=\"elementor-widget-wrap elementor-element-populated\">\n\t\t\t\t\t\t<div class=\"elementor-element elementor-element-612a18e6 elementor-widget elementor-widget-image\" data-id=\"612a18e6\" data-element_type=\"widget\" data-e-type=\"widget\" data-widget_type=\"image.default\">\n\t\t\t\t<div class=\"elementor-widget-container\">\n\t\t\t\t\t\t\t\t\t\t\t\t\t\t\t<img decoding=\"async\" width=\"1\" height=\"1\" src=\"https:\/\/www.artefactyou.com\/wp-content\/uploads\/2018\/09\/Polygone_hintergrund_footer_neu.svg\" class=\"attachment-full size-full wp-image-938\" alt=\"\" \/>\t\t\t\t\t\t\t\t\t\t\t\t\t\t\t<\/div>\n\t\t\t\t<\/div>\n\t\t\t\t\t<\/div>\n\t\t<\/div>\n\t\t\t\t\t<\/div>\n\t\t<\/section>\n\t\t\t\t<section class=\"elementor-section elementor-top-section elementor-element elementor-element-d20fd5f elementor-section-stretched elementor-section-full_width elementor-section-height-default elementor-section-height-default\" data-id=\"d20fd5f\" data-element_type=\"section\" data-e-type=\"section\" data-settings=\"{&quot;stretch_section&quot;:&quot;section-stretched&quot;,&quot;background_background&quot;:&quot;classic&quot;}\">\n\t\t\t\t\t\t<div class=\"elementor-container elementor-column-gap-default\">\n\t\t\t\t\t<div class=\"elementor-column elementor-col-100 elementor-top-column elementor-element elementor-element-97d76d7\" data-id=\"97d76d7\" data-element_type=\"column\" data-e-type=\"column\">\n\t\t\t<div class=\"elementor-widget-wrap\">\n\t\t\t\t\t\t\t<\/div>\n\t\t<\/div>\n\t\t\t\t\t<\/div>\n\t\t<\/section>\n\t\t\t\t<\/div>","protected":false},"excerpt":{"rendered":"<p>to | Offenheit, Flow und Agilit\u00e4t als Mittel und Ziele unseres F\u00fchrungsanspruchs Warum tummelt sich hier so viel \u201ewir\u201c? Wen meinen die? Florian und das afY Team? Sich und mich? Sich und uns? Mich und meine Leute? Oder gar uns als Gesellschaft? Mal probieren mit \u201e&#8230; alle\u201c! Funktioniert. Du. Ihr. Sie. Wir. Gemeinsam, auf jeden [&hellip;]<\/p>\n","protected":false},"author":1,"featured_media":0,"parent":0,"menu_order":0,"comment_status":"closed","ping_status":"closed","template":"","meta":{"inline_featured_image":false,"ocean_post_layout":"","ocean_both_sidebars_style":"","ocean_both_sidebars_content_width":0,"ocean_both_sidebars_sidebars_width":0,"ocean_sidebar":"0","ocean_second_sidebar":"0","ocean_disable_margins":"on","ocean_add_body_class":"","ocean_shortcode_before_top_bar":"","ocean_shortcode_after_top_bar":"","ocean_shortcode_before_header":"","ocean_shortcode_after_header":"","ocean_has_shortcode":"","ocean_shortcode_after_title":"","ocean_shortcode_before_footer_widgets":"","ocean_shortcode_after_footer_widgets":"","ocean_shortcode_before_footer_bottom":"","ocean_shortcode_after_footer_bottom":"","ocean_display_top_bar":"default","ocean_display_header":"default","ocean_header_style":"","ocean_center_header_left_menu":"0","ocean_custom_header_template":"0","ocean_custom_logo":0,"ocean_custom_retina_logo":0,"ocean_custom_logo_max_width":0,"ocean_custom_logo_tablet_max_width":0,"ocean_custom_logo_mobile_max_width":0,"ocean_custom_logo_max_height":0,"ocean_custom_logo_tablet_max_height":0,"ocean_custom_logo_mobile_max_height":0,"ocean_header_custom_menu":"0","ocean_menu_typo_font_family":"0","ocean_menu_typo_font_subset":"","ocean_menu_typo_font_size":0,"ocean_menu_typo_font_size_tablet":0,"ocean_menu_typo_font_size_mobile":0,"ocean_menu_typo_font_size_unit":"px","ocean_menu_typo_font_weight":"","ocean_menu_typo_font_weight_tablet":"","ocean_menu_typo_font_weight_mobile":"","ocean_menu_typo_transform":"","ocean_menu_typo_transform_tablet":"","ocean_menu_typo_transform_mobile":"","ocean_menu_typo_line_height":0,"ocean_menu_typo_line_height_tablet":0,"ocean_menu_typo_line_height_mobile":0,"ocean_menu_typo_line_height_unit":"","ocean_menu_typo_spacing":0,"ocean_menu_typo_spacing_tablet":0,"ocean_menu_typo_spacing_mobile":0,"ocean_menu_typo_spacing_unit":"","ocean_menu_link_color":"","ocean_menu_link_color_hover":"","ocean_menu_link_color_active":"","ocean_menu_link_background":"","ocean_menu_link_hover_background":"","ocean_menu_link_active_background":"","ocean_menu_social_links_bg":"","ocean_menu_social_hover_links_bg":"","ocean_menu_social_links_color":"","ocean_menu_social_hover_links_color":"","ocean_disable_title":"default","ocean_disable_heading":"default","ocean_post_title":"","ocean_post_subheading":"","ocean_post_title_style":"","ocean_post_title_background_color":"","ocean_post_title_background":0,"ocean_post_title_bg_image_position":"","ocean_post_title_bg_image_attachment":"","ocean_post_title_bg_image_repeat":"","ocean_post_title_bg_image_size":"","ocean_post_title_height":0,"ocean_post_title_bg_overlay":0.5,"ocean_post_title_bg_overlay_color":"","ocean_disable_breadcrumbs":"default","ocean_breadcrumbs_color":"","ocean_breadcrumbs_separator_color":"","ocean_breadcrumbs_links_color":"","ocean_breadcrumbs_links_hover_color":"","ocean_display_footer_widgets":"default","ocean_display_footer_bottom":"default","ocean_custom_footer_template":"0","footnotes":""},"class_list":["post-20","page","type-page","status-publish","hentry","entry"],"_links":{"self":[{"href":"https:\/\/www.artefactyou.com\/es\/wp-json\/wp\/v2\/pages\/20","targetHints":{"allow":["GET"]}}],"collection":[{"href":"https:\/\/www.artefactyou.com\/es\/wp-json\/wp\/v2\/pages"}],"about":[{"href":"https:\/\/www.artefactyou.com\/es\/wp-json\/wp\/v2\/types\/page"}],"author":[{"embeddable":true,"href":"https:\/\/www.artefactyou.com\/es\/wp-json\/wp\/v2\/users\/1"}],"replies":[{"embeddable":true,"href":"https:\/\/www.artefactyou.com\/es\/wp-json\/wp\/v2\/comments?post=20"}],"version-history":[{"count":10,"href":"https:\/\/www.artefactyou.com\/es\/wp-json\/wp\/v2\/pages\/20\/revisions"}],"predecessor-version":[{"id":995,"href":"https:\/\/www.artefactyou.com\/es\/wp-json\/wp\/v2\/pages\/20\/revisions\/995"}],"wp:attachment":[{"href":"https:\/\/www.artefactyou.com\/es\/wp-json\/wp\/v2\/media?parent=20"}],"curies":[{"name":"wp","href":"https:\/\/api.w.org\/{rel}","templated":true}]}}