{"id":18,"date":"2018-08-21T14:35:11","date_gmt":"2018-08-21T12:35:11","guid":{"rendered":"https:\/\/www.artefactyou.com\/?page_id=18"},"modified":"2025-01-17T14:13:01","modified_gmt":"2025-01-17T13:13:01","slug":"me","status":"publish","type":"page","link":"https:\/\/www.artefactyou.com\/en\/me\/","title":{"rendered":"me"},"content":{"rendered":"\t\t<div data-elementor-type=\"wp-post\" data-elementor-id=\"18\" class=\"elementor elementor-18\" data-elementor-post-type=\"page\">\n\t\t\t\t\t\t<section class=\"elementor-section elementor-top-section elementor-element elementor-element-7ba5bd17 elementor-section-stretched elementor-section-boxed elementor-section-height-default elementor-section-height-default\" data-id=\"7ba5bd17\" data-element_type=\"section\" data-e-type=\"section\" data-settings=\"{&quot;stretch_section&quot;:&quot;section-stretched&quot;,&quot;background_background&quot;:&quot;classic&quot;}\">\n\t\t\t\t\t\t<div class=\"elementor-container elementor-column-gap-default\">\n\t\t\t\t\t<div class=\"elementor-column elementor-col-100 elementor-top-column elementor-element elementor-element-2ff6afd2\" data-id=\"2ff6afd2\" data-element_type=\"column\" data-e-type=\"column\">\n\t\t\t<div class=\"elementor-widget-wrap\">\n\t\t\t\t\t\t\t<\/div>\n\t\t<\/div>\n\t\t\t\t\t<\/div>\n\t\t<\/section>\n\t\t\t\t<section class=\"elementor-section elementor-top-section elementor-element elementor-element-398b8161 elementor-section-boxed elementor-section-height-default elementor-section-height-default\" data-id=\"398b8161\" data-element_type=\"section\" data-e-type=\"section\">\n\t\t\t\t\t\t<div class=\"elementor-container elementor-column-gap-default\">\n\t\t\t\t\t<div class=\"elementor-column elementor-col-100 elementor-top-column elementor-element elementor-element-7b9d3084\" data-id=\"7b9d3084\" data-element_type=\"column\" data-e-type=\"column\">\n\t\t\t<div class=\"elementor-widget-wrap elementor-element-populated\">\n\t\t\t\t\t\t<div class=\"elementor-element elementor-element-eff725e elementor-invisible elementor-widget elementor-widget-image\" data-id=\"eff725e\" data-element_type=\"widget\" data-e-type=\"widget\" data-settings=\"{&quot;_animation&quot;:&quot;zoomIn&quot;}\" data-widget_type=\"image.default\">\n\t\t\t\t<div class=\"elementor-widget-container\">\n\t\t\t\t\t\t\t\t\t\t\t\t\t\t\t<img decoding=\"async\" width=\"1\" height=\"1\" src=\"https:\/\/www.artefactyou.com\/wp-content\/uploads\/2018\/09\/Polygone_hintergrund_farbig_ohne_rahmen.svg\" class=\"attachment-thumbnail size-thumbnail wp-image-849\" alt=\"\" \/>\t\t\t\t\t\t\t\t\t\t\t\t\t\t\t<\/div>\n\t\t\t\t<\/div>\n\t\t\t\t\t<\/div>\n\t\t<\/div>\n\t\t\t\t\t<\/div>\n\t\t<\/section>\n\t\t\t\t<section class=\"elementor-section elementor-top-section elementor-element elementor-element-6b714ec1 elementor-section-boxed elementor-section-height-default elementor-section-height-default\" data-id=\"6b714ec1\" data-element_type=\"section\" data-e-type=\"section\">\n\t\t\t\t\t\t<div class=\"elementor-container elementor-column-gap-default\">\n\t\t\t\t\t<div class=\"elementor-column elementor-col-100 elementor-top-column elementor-element elementor-element-6b9d2ecd\" data-id=\"6b9d2ecd\" data-element_type=\"column\" data-e-type=\"column\">\n\t\t\t<div class=\"elementor-widget-wrap elementor-element-populated\">\n\t\t\t\t\t\t<div class=\"elementor-element elementor-element-5016b552 elementor-widget elementor-widget-heading\" data-id=\"5016b552\" data-element_type=\"widget\" data-e-type=\"widget\" data-widget_type=\"heading.default\">\n\t\t\t\t<div class=\"elementor-widget-container\">\n\t\t\t\t\t<h2 class=\"elementor-heading-title elementor-size-default\">me | Florian von Hoyer - leidenschaftlich holistisch bewegt<\/h2>\t\t\t\t<\/div>\n\t\t\t\t<\/div>\n\t\t\t\t<div class=\"elementor-element elementor-element-2e2c927 elementor-widget elementor-widget-text-editor\" data-id=\"2e2c927\" data-element_type=\"widget\" data-e-type=\"widget\" data-widget_type=\"text-editor.default\">\n\t\t\t\t<div class=\"elementor-widget-container\">\n\t\t\t\t\t\t\t\t\t<p><strong>Was hat dieser Mensch gemacht, um so weit zu gehen, Kunst, Technologie und Menschlichkeit nebeneinander in ein Men\u00fc zu packen?<\/strong><\/p>\t\t\t\t\t\t\t\t<\/div>\n\t\t\t\t<\/div>\n\t\t\t\t\t<\/div>\n\t\t<\/div>\n\t\t\t\t\t<\/div>\n\t\t<\/section>\n\t\t\t\t<section class=\"elementor-section elementor-top-section elementor-element elementor-element-7d70bb17 elementor-section-boxed elementor-section-height-default elementor-section-height-default\" data-id=\"7d70bb17\" data-element_type=\"section\" data-e-type=\"section\">\n\t\t\t\t\t\t<div class=\"elementor-container elementor-column-gap-wide\">\n\t\t\t\t\t<div class=\"elementor-column elementor-col-50 elementor-top-column elementor-element elementor-element-7fd1334c\" data-id=\"7fd1334c\" data-element_type=\"column\" data-e-type=\"column\">\n\t\t\t<div class=\"elementor-widget-wrap elementor-element-populated\">\n\t\t\t\t\t\t<div class=\"elementor-element elementor-element-8bea918 elementor-widget elementor-widget-text-editor\" data-id=\"8bea918\" data-element_type=\"widget\" data-e-type=\"widget\" data-widget_type=\"text-editor.default\">\n\t\t\t\t<div class=\"elementor-widget-container\">\n\t\t\t\t\t\t\t\t\t<p>Am Anfang war die Musik. Ich habe auf sie geh\u00f6rt und bin ihr gefolgt. Nach dem Abitur mittenhinein in eine der wegweisenden Ausbildungsphasen meines Lebens. Aus dem M\u00fcnchner Raum nach Buenos Aires, in eine vibrierende Musik-, Kunst- und Kulturszene.<\/p>\t\t\t\t\t\t\t\t<\/div>\n\t\t\t\t<\/div>\n\t\t\t\t<div class=\"elementor-element elementor-element-26aa7337 elementor-widget elementor-widget-image\" data-id=\"26aa7337\" data-element_type=\"widget\" data-e-type=\"widget\" data-widget_type=\"image.default\">\n\t\t\t\t<div class=\"elementor-widget-container\">\n\t\t\t\t\t\t\t\t\t\t\t\t\t\t\t<img fetchpriority=\"high\" decoding=\"async\" width=\"1000\" height=\"669\" src=\"https:\/\/www.artefactyou.com\/wp-content\/uploads\/2018\/09\/artefact_Bildvorlage_vision_2_sw.jpg\" class=\"attachment-full size-full wp-image-872\" alt=\"\" srcset=\"https:\/\/www.artefactyou.com\/wp-content\/uploads\/2018\/09\/artefact_Bildvorlage_vision_2_sw.jpg 1000w, https:\/\/www.artefactyou.com\/wp-content\/uploads\/2018\/09\/artefact_Bildvorlage_vision_2_sw-300x201.jpg 300w, https:\/\/www.artefactyou.com\/wp-content\/uploads\/2018\/09\/artefact_Bildvorlage_vision_2_sw-768x514.jpg 768w\" sizes=\"(max-width: 1000px) 100vw, 1000px\" \/>\t\t\t\t\t\t\t\t\t\t\t\t\t\t\t<\/div>\n\t\t\t\t<\/div>\n\t\t\t\t<div class=\"elementor-element elementor-element-79cfd10 elementor-widget elementor-widget-text-editor\" data-id=\"79cfd10\" data-element_type=\"widget\" data-e-type=\"widget\" data-widget_type=\"text-editor.default\">\n\t\t\t\t<div class=\"elementor-widget-container\">\n\t\t\t\t\t\t\t\t\t<p>7 Jahre intensive Besch\u00e4ftigung mit kreativen Prozessen. T\u00e4gliches Training der Stimme, iterative Bewegungen am Klavier, der Gitarre und dem gr\u00f6ssten Artefakt in meiner Hand, dem Kontrabass, alleine und in der Gruppe. Das Komponieren und Arrangieren: angewandtes Design Thinking auf musikalisch.<\/p><p class=\"MsoNormal\"><span style=\"mso-ansi-language: DE;\">Mehrmals w\u00f6chentliche Product-Meetings, unter K\u00fcnstlern als \u201eProben\u201c bekannt, Wiederholung und Verbesserung der Abl\u00e4ufe, Nachjustierungen wo n\u00f6tig. Jede zweite Woche ein Feature-Release, um die brandneuen Produkte dem Kunden, dem Publikum, vorzustellen. Die allt\u00e4gliche Routine des kreativen Band-Musikers, f\u00fcr den Produktentwickler wie ein Handbuch Agiler Methoden.<\/span><\/p><p>Dann zur\u00fcck nach Europa. Madrid. Und die n\u00e4chste Ausbildung, Betriebswirtschaft. Direkt rein in die Praxis, als Firmengr\u00fcnder. Galileo nennen wir die Expedition, machen alles: Talentsuche, Produktion, Label, Vertrieb, Agentur, Live, Verlag, Marketing, Presse- und \u00d6ffentlichkeitsarbeit, K\u00fcnstlermanagement. Harte und lehrreiche Jahre. Legend\u00e4re Momente. Resilienz.<\/p><p>2009, der entschiedene Schritt Richtung streamende Musikwelt: Altafonte, eine dem Kollektiv der Independents dienende Plattform, die wir von Spanien nach Lateinamerika ausbreiten. Enge Zusammenarbeit mit den Giganten der Tech-Welt. Business Development. Wachstum. Erfolg. Das komplette Durchlaufen eines Digitalen Transformationsprozesses.<\/p><p>Zeit f\u00fcr die n\u00e4chste Herausforderung: Digitalisierung und agile Methoden in einer gr\u00f6sseren Struktur voranbringen. [PIAS] &#8211; Inbegriff f\u00fcr eine unabh\u00e4ngige, globale Musikfirma. Meilensammeln zwischen London, Br\u00fcssel, Paris, Hamburg und Z\u00fcrich. Entwicklung und Launch des Business-Portals f\u00fcr interne und externe Nutzer. Integrationsprozess der traditionsreichen Harmonia Mundi. Projektmanagement, Change Management, Training. Immer an der Schnittstelle, zwischen Vielen und Vielem. Impulse und Ideen f\u00fcr eine Organisationsentwicklung, die zum Ziel hat, Mitarbeiter zu begeistern und auf die Reise in die Zukunft mitzunehmen.<\/p>\t\t\t\t\t\t\t\t<\/div>\n\t\t\t\t<\/div>\n\t\t\t\t\t<\/div>\n\t\t<\/div>\n\t\t\t\t<div class=\"elementor-column elementor-col-50 elementor-top-column elementor-element elementor-element-2f3a5a59\" data-id=\"2f3a5a59\" data-element_type=\"column\" data-e-type=\"column\">\n\t\t\t<div class=\"elementor-widget-wrap elementor-element-populated\">\n\t\t\t\t\t\t<div class=\"elementor-element elementor-element-12000183 elementor-widget elementor-widget-text-editor\" data-id=\"12000183\" data-element_type=\"widget\" data-e-type=\"widget\" data-widget_type=\"text-editor.default\">\n\t\t\t\t<div class=\"elementor-widget-container\">\n\t\t\t\t\t\t\t\t\t<p><span style=\"font-size: 18px; letter-spacing: 0.3px;\">2018: Ausarbeitung der Arbeitsphilosophie und Methodik, die ich auf diesen Seiten vorstelle, gefolgt von f\u00fcnf aufregenden, spannenden und faszinierenden Jahren, in denen artefactYou bei den Berliner Firmen Zebralution und MusicHub angewandt wird.<\/span><\/p><p>Und es funktioniert!<\/p><p>Einf\u00fchrung von Remote Work und den daf\u00fcr notwendigen Tools und Arbeitsweisen, \u00dcberarbeitung der Leadership- und Meeting-Strukturen, strategische Neuausrichtung und Integration der Firmengruppe in die GEMA. Nicht einmal COVID kann uns aufhalten &#8211; im Gegenteil: die neuen Strukturen greifen und Zebralution verzeichnet anhaltend gesundes Wachstum.<\/p><p>Danach im fliessenden \u00dcbergang rein in die strategische Planung und Definition von Mission &amp; Vision f\u00fcr die One-Stop Service-Plattform MusicHub, die Musikschaffenden das Leben erleichtert und Freiraum f\u00fcr kreative Entfaltung schafft.<\/p><p>Aufbau und Leitung eines Dream-Teams von herausragenden Talenten aus verschiedensten Kulturen, Entwicklung eines ausserordentlichen Zusammengeh\u00f6rigkeitsgef\u00fchls, gemeinsames und fokussiertes Hinarbeiten auf die gesetzten Ziele.<\/p><p>Parallel dazu die Chance, im Rahmen des EU-Projekts Belem einen bedeutenden Beitrag zur Weiterentwicklung einer grossen Vision zu leisten: Songtexte mit synchronisierter \u00dcbersetzung aus und in multiple Sprachen, mit korrekter Verg\u00fctung f\u00fcr die Songwriter und weltweiter Verf\u00fcgbarkeit auf den digitalen Musikdiensten.\u00a0<\/p><p>2025. Der n\u00e4chste logische Schritt, das Zusammenlegen der Welten Unternehmen, Teamdynamik und Musik, das Offenlegen der von mir angewandten Formeln: Grund zuTaten.<\/p><p>Teilen motiviert mich. Alles Erfahrene und Erlernte, mit Dir, Euch und Ihnen. Gelesen, gelernt, geschafft habe ich schon viel. Ebenso erschaffen, entwickelt und erlebt. Aber noch viel zu wenig, um mich darauf auszuruhen.<\/p><h3>Entwickeln wir uns zusammen weiter?<\/h3>\t\t\t\t\t\t\t\t<\/div>\n\t\t\t\t<\/div>\n\t\t\t\t<div class=\"elementor-element elementor-element-2eece4d elementor-widget elementor-widget-image\" data-id=\"2eece4d\" data-element_type=\"widget\" data-e-type=\"widget\" data-widget_type=\"image.default\">\n\t\t\t\t<div class=\"elementor-widget-container\">\n\t\t\t\t\t\t\t\t\t\t\t\t\t\t\t<img decoding=\"async\" width=\"1000\" height=\"669\" src=\"https:\/\/www.artefactyou.com\/wp-content\/uploads\/2018\/09\/artefact_Bildvorlage_vision_sw.jpg\" class=\"attachment-large size-large wp-image-873\" alt=\"\" srcset=\"https:\/\/www.artefactyou.com\/wp-content\/uploads\/2018\/09\/artefact_Bildvorlage_vision_sw.jpg 1000w, https:\/\/www.artefactyou.com\/wp-content\/uploads\/2018\/09\/artefact_Bildvorlage_vision_sw-300x201.jpg 300w, https:\/\/www.artefactyou.com\/wp-content\/uploads\/2018\/09\/artefact_Bildvorlage_vision_sw-768x514.jpg 768w\" sizes=\"(max-width: 1000px) 100vw, 1000px\" \/>\t\t\t\t\t\t\t\t\t\t\t\t\t\t\t<\/div>\n\t\t\t\t<\/div>\n\t\t\t\t\t<\/div>\n\t\t<\/div>\n\t\t\t\t\t<\/div>\n\t\t<\/section>\n\t\t\t\t<section class=\"elementor-section elementor-top-section elementor-element elementor-element-5cc9590 elementor-section-boxed elementor-section-height-default elementor-section-height-default\" data-id=\"5cc9590\" data-element_type=\"section\" data-e-type=\"section\">\n\t\t\t\t\t\t<div class=\"elementor-container elementor-column-gap-default\">\n\t\t\t\t\t<div class=\"elementor-column elementor-col-100 elementor-top-column elementor-element elementor-element-983c7e8\" data-id=\"983c7e8\" data-element_type=\"column\" data-e-type=\"column\">\n\t\t\t<div class=\"elementor-widget-wrap elementor-element-populated\">\n\t\t\t\t\t\t<div class=\"elementor-element elementor-element-aa2a90c elementor-widget elementor-widget-spacer\" data-id=\"aa2a90c\" data-element_type=\"widget\" data-e-type=\"widget\" data-widget_type=\"spacer.default\">\n\t\t\t\t<div class=\"elementor-widget-container\">\n\t\t\t\t\t\t\t<div class=\"elementor-spacer\">\n\t\t\t<div class=\"elementor-spacer-inner\"><\/div>\n\t\t<\/div>\n\t\t\t\t\t\t<\/div>\n\t\t\t\t<\/div>\n\t\t\t\t\t<\/div>\n\t\t<\/div>\n\t\t\t\t\t<\/div>\n\t\t<\/section>\n\t\t\t\t<section class=\"elementor-section elementor-top-section elementor-element elementor-element-7892ef31 elementor-section-full_width elementor-section-height-default elementor-section-height-default\" data-id=\"7892ef31\" data-element_type=\"section\" data-e-type=\"section\">\n\t\t\t\t\t\t<div class=\"elementor-container elementor-column-gap-default\">\n\t\t\t\t\t<div class=\"elementor-column elementor-col-100 elementor-top-column elementor-element elementor-element-1037fa8d\" data-id=\"1037fa8d\" data-element_type=\"column\" data-e-type=\"column\">\n\t\t\t<div class=\"elementor-widget-wrap elementor-element-populated\">\n\t\t\t\t\t\t<div class=\"elementor-element elementor-element-58cf67a9 elementor-widget elementor-widget-image\" data-id=\"58cf67a9\" data-element_type=\"widget\" data-e-type=\"widget\" data-widget_type=\"image.default\">\n\t\t\t\t<div class=\"elementor-widget-container\">\n\t\t\t\t\t\t\t\t\t\t\t\t\t\t\t<img loading=\"lazy\" decoding=\"async\" width=\"1\" height=\"1\" src=\"https:\/\/www.artefactyou.com\/wp-content\/uploads\/2018\/09\/Polygone_hintergrund_footer_neu.svg\" class=\"attachment-full size-full wp-image-938\" alt=\"\" \/>\t\t\t\t\t\t\t\t\t\t\t\t\t\t\t<\/div>\n\t\t\t\t<\/div>\n\t\t\t\t\t<\/div>\n\t\t<\/div>\n\t\t\t\t\t<\/div>\n\t\t<\/section>\n\t\t\t\t<section class=\"elementor-section elementor-top-section elementor-element elementor-element-b233557 elementor-section-stretched elementor-section-full_width elementor-section-height-default elementor-section-height-default\" data-id=\"b233557\" data-element_type=\"section\" data-e-type=\"section\" data-settings=\"{&quot;stretch_section&quot;:&quot;section-stretched&quot;,&quot;background_background&quot;:&quot;classic&quot;}\">\n\t\t\t\t\t\t<div class=\"elementor-container elementor-column-gap-default\">\n\t\t\t\t\t<div class=\"elementor-column elementor-col-100 elementor-top-column elementor-element elementor-element-0e205c0\" data-id=\"0e205c0\" data-element_type=\"column\" data-e-type=\"column\">\n\t\t\t<div class=\"elementor-widget-wrap\">\n\t\t\t\t\t\t\t<\/div>\n\t\t<\/div>\n\t\t\t\t\t<\/div>\n\t\t<\/section>\n\t\t\t\t<\/div>\n\t\t","protected":false},"excerpt":{"rendered":"<p>me | Florian von Hoyer &#8211; leidenschaftlich holistisch bewegt Was hat dieser Mensch gemacht, um so weit zu gehen, Kunst, Technologie und Menschlichkeit nebeneinander in ein Men\u00fc zu packen? Am Anfang war die Musik. Ich habe auf sie geh\u00f6rt und bin ihr gefolgt. Nach dem Abitur mittenhinein in eine der wegweisenden Ausbildungsphasen meines Lebens. Aus [&hellip;]<\/p>\n","protected":false},"author":1,"featured_media":0,"parent":0,"menu_order":0,"comment_status":"closed","ping_status":"closed","template":"","meta":{"inline_featured_image":false,"ocean_post_layout":"","ocean_both_sidebars_style":"","ocean_both_sidebars_content_width":0,"ocean_both_sidebars_sidebars_width":0,"ocean_sidebar":"0","ocean_second_sidebar":"0","ocean_disable_margins":"on","ocean_add_body_class":"","ocean_shortcode_before_top_bar":"","ocean_shortcode_after_top_bar":"","ocean_shortcode_before_header":"","ocean_shortcode_after_header":"","ocean_has_shortcode":"","ocean_shortcode_after_title":"","ocean_shortcode_before_footer_widgets":"","ocean_shortcode_after_footer_widgets":"","ocean_shortcode_before_footer_bottom":"","ocean_shortcode_after_footer_bottom":"","ocean_display_top_bar":"default","ocean_display_header":"default","ocean_header_style":"","ocean_center_header_left_menu":"0","ocean_custom_header_template":"0","ocean_custom_logo":0,"ocean_custom_retina_logo":0,"ocean_custom_logo_max_width":0,"ocean_custom_logo_tablet_max_width":0,"ocean_custom_logo_mobile_max_width":0,"ocean_custom_logo_max_height":0,"ocean_custom_logo_tablet_max_height":0,"ocean_custom_logo_mobile_max_height":0,"ocean_header_custom_menu":"0","ocean_menu_typo_font_family":"0","ocean_menu_typo_font_subset":"","ocean_menu_typo_font_size":0,"ocean_menu_typo_font_size_tablet":0,"ocean_menu_typo_font_size_mobile":0,"ocean_menu_typo_font_size_unit":"px","ocean_menu_typo_font_weight":"","ocean_menu_typo_font_weight_tablet":"","ocean_menu_typo_font_weight_mobile":"","ocean_menu_typo_transform":"","ocean_menu_typo_transform_tablet":"","ocean_menu_typo_transform_mobile":"","ocean_menu_typo_line_height":0,"ocean_menu_typo_line_height_tablet":0,"ocean_menu_typo_line_height_mobile":0,"ocean_menu_typo_line_height_unit":"","ocean_menu_typo_spacing":0,"ocean_menu_typo_spacing_tablet":0,"ocean_menu_typo_spacing_mobile":0,"ocean_menu_typo_spacing_unit":"","ocean_menu_link_color":"","ocean_menu_link_color_hover":"","ocean_menu_link_color_active":"","ocean_menu_link_background":"","ocean_menu_link_hover_background":"","ocean_menu_link_active_background":"","ocean_menu_social_links_bg":"","ocean_menu_social_hover_links_bg":"","ocean_menu_social_links_color":"","ocean_menu_social_hover_links_color":"","ocean_disable_title":"default","ocean_disable_heading":"default","ocean_post_title":"","ocean_post_subheading":"","ocean_post_title_style":"","ocean_post_title_background_color":"","ocean_post_title_background":0,"ocean_post_title_bg_image_position":"","ocean_post_title_bg_image_attachment":"","ocean_post_title_bg_image_repeat":"","ocean_post_title_bg_image_size":"","ocean_post_title_height":0,"ocean_post_title_bg_overlay":0.5,"ocean_post_title_bg_overlay_color":"","ocean_disable_breadcrumbs":"default","ocean_breadcrumbs_color":"","ocean_breadcrumbs_separator_color":"","ocean_breadcrumbs_links_color":"","ocean_breadcrumbs_links_hover_color":"","ocean_display_footer_widgets":"default","ocean_display_footer_bottom":"default","ocean_custom_footer_template":"0","footnotes":""},"class_list":["post-18","page","type-page","status-publish","hentry","entry"],"_links":{"self":[{"href":"https:\/\/www.artefactyou.com\/en\/wp-json\/wp\/v2\/pages\/18","targetHints":{"allow":["GET"]}}],"collection":[{"href":"https:\/\/www.artefactyou.com\/en\/wp-json\/wp\/v2\/pages"}],"about":[{"href":"https:\/\/www.artefactyou.com\/en\/wp-json\/wp\/v2\/types\/page"}],"author":[{"embeddable":true,"href":"https:\/\/www.artefactyou.com\/en\/wp-json\/wp\/v2\/users\/1"}],"replies":[{"embeddable":true,"href":"https:\/\/www.artefactyou.com\/en\/wp-json\/wp\/v2\/comments?post=18"}],"version-history":[{"count":10,"href":"https:\/\/www.artefactyou.com\/en\/wp-json\/wp\/v2\/pages\/18\/revisions"}],"predecessor-version":[{"id":1073,"href":"https:\/\/www.artefactyou.com\/en\/wp-json\/wp\/v2\/pages\/18\/revisions\/1073"}],"wp:attachment":[{"href":"https:\/\/www.artefactyou.com\/en\/wp-json\/wp\/v2\/media?parent=18"}],"curies":[{"name":"wp","href":"https:\/\/api.w.org\/{rel}","templated":true}]}}