{"id":16,"date":"2018-08-21T14:35:02","date_gmt":"2018-08-21T12:35:02","guid":{"rendered":"https:\/\/www.artefactyou.com\/?page_id=16"},"modified":"2018-10-05T14:01:52","modified_gmt":"2018-10-05T12:01:52","slug":"you","status":"publish","type":"page","link":"https:\/\/www.artefactyou.com\/en\/you\/","title":{"rendered":"you"},"content":{"rendered":"\t\t<div data-elementor-type=\"wp-page\" data-elementor-id=\"16\" class=\"elementor elementor-16 elementor-bc-flex-widget\" data-elementor-post-type=\"page\">\n\t\t\t\t\t\t<section class=\"elementor-section elementor-top-section elementor-element elementor-element-c7f1b45 elementor-section-stretched elementor-section-boxed elementor-section-height-default elementor-section-height-default\" data-id=\"c7f1b45\" data-element_type=\"section\" data-e-type=\"section\" data-settings=\"{&quot;stretch_section&quot;:&quot;section-stretched&quot;,&quot;background_background&quot;:&quot;classic&quot;}\">\n\t\t\t\t\t\t<div class=\"elementor-container elementor-column-gap-default\">\n\t\t\t\t\t<div class=\"elementor-column elementor-col-100 elementor-top-column elementor-element elementor-element-2066d94f\" data-id=\"2066d94f\" data-element_type=\"column\" data-e-type=\"column\">\n\t\t\t<div class=\"elementor-widget-wrap\">\n\t\t\t\t\t\t\t<\/div>\n\t\t<\/div>\n\t\t\t\t\t<\/div>\n\t\t<\/section>\n\t\t\t\t<section class=\"elementor-section elementor-top-section elementor-element elementor-element-5a6178b0 elementor-section-boxed elementor-section-height-default elementor-section-height-default\" data-id=\"5a6178b0\" data-element_type=\"section\" data-e-type=\"section\">\n\t\t\t\t\t\t<div class=\"elementor-container elementor-column-gap-default\">\n\t\t\t\t\t<div class=\"elementor-column elementor-col-100 elementor-top-column elementor-element elementor-element-2673478\" data-id=\"2673478\" data-element_type=\"column\" data-e-type=\"column\">\n\t\t\t<div class=\"elementor-widget-wrap elementor-element-populated\">\n\t\t\t\t\t\t<div class=\"elementor-element elementor-element-182ed4d elementor-invisible elementor-widget elementor-widget-image\" data-id=\"182ed4d\" data-element_type=\"widget\" data-e-type=\"widget\" data-settings=\"{&quot;_animation&quot;:&quot;zoomIn&quot;}\" data-widget_type=\"image.default\">\n\t\t\t\t<div class=\"elementor-widget-container\">\n\t\t\t\t\t\t\t\t\t\t\t\t\t\t\t<img decoding=\"async\" width=\"1\" height=\"1\" src=\"https:\/\/www.artefactyou.com\/wp-content\/uploads\/2018\/09\/Polygone_hintergrund_farbig_ohne_rahmen.svg\" class=\"attachment-thumbnail size-thumbnail wp-image-849\" alt=\"\" \/>\t\t\t\t\t\t\t\t\t\t\t\t\t\t\t<\/div>\n\t\t\t\t<\/div>\n\t\t\t\t\t<\/div>\n\t\t<\/div>\n\t\t\t\t\t<\/div>\n\t\t<\/section>\n\t\t\t\t<section class=\"elementor-section elementor-top-section elementor-element elementor-element-8535976 elementor-section-boxed elementor-section-height-default elementor-section-height-default\" data-id=\"8535976\" data-element_type=\"section\" data-e-type=\"section\">\n\t\t\t\t\t\t<div class=\"elementor-container elementor-column-gap-default\">\n\t\t\t\t\t<div class=\"elementor-column elementor-col-100 elementor-top-column elementor-element elementor-element-55eeef0d\" data-id=\"55eeef0d\" data-element_type=\"column\" data-e-type=\"column\">\n\t\t\t<div class=\"elementor-widget-wrap elementor-element-populated\">\n\t\t\t\t\t\t<div class=\"elementor-element elementor-element-505b3edc elementor-widget elementor-widget-heading\" data-id=\"505b3edc\" data-element_type=\"widget\" data-e-type=\"widget\" data-widget_type=\"heading.default\">\n\t\t\t\t<div class=\"elementor-widget-container\">\n\t\t\t\t\t<h2 class=\"elementor-heading-title elementor-size-default\">you | Organisationsentwicklung<\/h2>\t\t\t\t<\/div>\n\t\t\t\t<\/div>\n\t\t\t\t<div class=\"elementor-element elementor-element-136977f9 elementor-widget elementor-widget-text-editor\" data-id=\"136977f9\" data-element_type=\"widget\" data-e-type=\"widget\" data-widget_type=\"text-editor.default\">\n\t\t\t\t<div class=\"elementor-widget-container\">\n\t\t\t\t\t\t\t\t\t<p><strong>Wir analysieren Strukturen und \u00fcberpr\u00fcfen Abl\u00e4ufe, um Problemzonen zu erkennen. Unser gemeinsames Ziel ist es, Potenziale freizumachen und Talent zur Entfaltung zu bringen, um so Innovation zu f\u00f6rdern. Der essentielle Wert des kreativen Elements und einer interaktiven Kommunikation wird verstanden und in unsere Organisation eingef\u00fchrt.<\/strong><\/p>\t\t\t\t\t\t\t\t<\/div>\n\t\t\t\t<\/div>\n\t\t\t\t\t<\/div>\n\t\t<\/div>\n\t\t\t\t\t<\/div>\n\t\t<\/section>\n\t\t\t\t<section class=\"elementor-section elementor-top-section elementor-element elementor-element-40ccce9c elementor-section-boxed elementor-section-height-default elementor-section-height-default\" data-id=\"40ccce9c\" data-element_type=\"section\" data-e-type=\"section\">\n\t\t\t\t\t\t<div class=\"elementor-container elementor-column-gap-default\">\n\t\t\t\t\t<div class=\"elementor-column elementor-col-50 elementor-top-column elementor-element elementor-element-699b1091\" data-id=\"699b1091\" data-element_type=\"column\" data-e-type=\"column\">\n\t\t\t<div class=\"elementor-widget-wrap elementor-element-populated\">\n\t\t\t\t\t\t<div class=\"elementor-element elementor-element-317292f7 elementor-widget elementor-widget-image\" data-id=\"317292f7\" data-element_type=\"widget\" data-e-type=\"widget\" data-widget_type=\"image.default\">\n\t\t\t\t<div class=\"elementor-widget-container\">\n\t\t\t\t\t\t\t\t\t\t\t\t\t\t\t<img fetchpriority=\"high\" decoding=\"async\" width=\"1000\" height=\"669\" src=\"https:\/\/www.artefactyou.com\/wp-content\/uploads\/2018\/09\/artefactYou_Organisationsentwicklung.jpg\" class=\"attachment-large size-large wp-image-629\" alt=\"\" srcset=\"https:\/\/www.artefactyou.com\/wp-content\/uploads\/2018\/09\/artefactYou_Organisationsentwicklung.jpg 1000w, https:\/\/www.artefactyou.com\/wp-content\/uploads\/2018\/09\/artefactYou_Organisationsentwicklung-300x201.jpg 300w, https:\/\/www.artefactyou.com\/wp-content\/uploads\/2018\/09\/artefactYou_Organisationsentwicklung-768x514.jpg 768w\" sizes=\"(max-width: 1000px) 100vw, 1000px\" \/>\t\t\t\t\t\t\t\t\t\t\t\t\t\t\t<\/div>\n\t\t\t\t<\/div>\n\t\t\t\t\t<\/div>\n\t\t<\/div>\n\t\t\t\t<div class=\"elementor-column elementor-col-50 elementor-top-column elementor-element elementor-element-71213a1c\" data-id=\"71213a1c\" data-element_type=\"column\" data-e-type=\"column\">\n\t\t\t<div class=\"elementor-widget-wrap elementor-element-populated\">\n\t\t\t\t\t\t<div class=\"elementor-element elementor-element-295fede3 elementor-widget elementor-widget-heading\" data-id=\"295fede3\" data-element_type=\"widget\" data-e-type=\"widget\" data-widget_type=\"heading.default\">\n\t\t\t\t<div class=\"elementor-widget-container\">\n\t\t\t\t\t<h3 class=\"elementor-heading-title elementor-size-default\">Unser Programm:<\/h3>\t\t\t\t<\/div>\n\t\t\t\t<\/div>\n\t\t\t\t<div class=\"elementor-element elementor-element-6ba18b32 elementor-icon-list--layout-traditional elementor-list-item-link-full_width elementor-widget elementor-widget-icon-list\" data-id=\"6ba18b32\" data-element_type=\"widget\" data-e-type=\"widget\" data-widget_type=\"icon-list.default\">\n\t\t\t\t<div class=\"elementor-widget-container\">\n\t\t\t\t\t\t\t<ul class=\"elementor-icon-list-items\">\n\t\t\t\t\t\t\t<li class=\"elementor-icon-list-item\">\n\t\t\t\t\t\t\t\t\t\t\t<span class=\"elementor-icon-list-icon\">\n\t\t\t\t\t\t\t\t\t\t\t\t\t\t\t\t<i class=\"fa fa-check\" aria-hidden=\"true\"><\/i>\n\t\t\t\t\t\t\t\t\t\t\t\t\t<\/span>\n\t\t\t\t\t\t\t\t\t\t<span class=\"elementor-icon-list-text\">Brand &amp; Identit\u00e4ts-Management<\/span>\n\t\t\t\t\t\t\t\t\t<\/li>\n\t\t\t\t\t\t\t\t<li class=\"elementor-icon-list-item\">\n\t\t\t\t\t\t\t\t\t\t\t<span class=\"elementor-icon-list-icon\">\n\t\t\t\t\t\t\t\t\t\t\t\t\t\t\t\t<i class=\"fa fa-check\" aria-hidden=\"true\"><\/i>\n\t\t\t\t\t\t\t\t\t\t\t\t\t<\/span>\n\t\t\t\t\t\t\t\t\t\t<span class=\"elementor-icon-list-text\">Situations- und Marktanalyse (SWOT, etc.)<\/span>\n\t\t\t\t\t\t\t\t\t<\/li>\n\t\t\t\t\t\t\t\t<li class=\"elementor-icon-list-item\">\n\t\t\t\t\t\t\t\t\t\t\t<span class=\"elementor-icon-list-icon\">\n\t\t\t\t\t\t\t\t\t\t\t\t\t\t\t\t<i class=\"fa fa-check\" aria-hidden=\"true\"><\/i>\n\t\t\t\t\t\t\t\t\t\t\t\t\t<\/span>\n\t\t\t\t\t\t\t\t\t\t<span class=\"elementor-icon-list-text\">Leadership-Coaching<\/span>\n\t\t\t\t\t\t\t\t\t<\/li>\n\t\t\t\t\t\t\t\t<li class=\"elementor-icon-list-item\">\n\t\t\t\t\t\t\t\t\t\t\t<span class=\"elementor-icon-list-icon\">\n\t\t\t\t\t\t\t\t\t\t\t\t\t\t\t\t<i class=\"fa fa-check\" aria-hidden=\"true\"><\/i>\n\t\t\t\t\t\t\t\t\t\t\t\t\t<\/span>\n\t\t\t\t\t\t\t\t\t\t<span class=\"elementor-icon-list-text\">Teamentwicklung<\/span>\n\t\t\t\t\t\t\t\t\t<\/li>\n\t\t\t\t\t\t\t\t<li class=\"elementor-icon-list-item\">\n\t\t\t\t\t\t\t\t\t\t\t<span class=\"elementor-icon-list-icon\">\n\t\t\t\t\t\t\t\t\t\t\t\t\t\t\t\t<i class=\"fa fa-check\" aria-hidden=\"true\"><\/i>\n\t\t\t\t\t\t\t\t\t\t\t\t\t<\/span>\n\t\t\t\t\t\t\t\t\t\t<span class=\"elementor-icon-list-text\">Marketingstrategie<\/span>\n\t\t\t\t\t\t\t\t\t<\/li>\n\t\t\t\t\t\t<\/ul>\n\t\t\t\t\t\t<\/div>\n\t\t\t\t<\/div>\n\t\t\t\t<div class=\"elementor-element elementor-element-777ff3f9 elementor-widget elementor-widget-text-editor\" data-id=\"777ff3f9\" data-element_type=\"widget\" data-e-type=\"widget\" data-widget_type=\"text-editor.default\">\n\t\t\t\t<div class=\"elementor-widget-container\">\n\t\t\t\t\t\t\t\t\t<p>Durch die intensive Besch\u00e4ftigung mit den aufgef\u00fchrten Themen verbessern wir entscheidend unser Verst\u00e4ndnis von Zusammenh\u00e4ngen und setzen die erworbenen Kenntnisse um: in unserem firmeninternen Auftreten und unserer kundenorientierten Aussenwirkung.<\/p>\t\t\t\t\t\t\t\t<\/div>\n\t\t\t\t<\/div>\n\t\t\t\t\t<\/div>\n\t\t<\/div>\n\t\t\t\t\t<\/div>\n\t\t<\/section>\n\t\t\t\t<section class=\"elementor-section elementor-top-section elementor-element elementor-element-27f1f0c4 elementor-section-boxed elementor-section-height-default elementor-section-height-default\" data-id=\"27f1f0c4\" data-element_type=\"section\" data-e-type=\"section\">\n\t\t\t\t\t\t<div class=\"elementor-container elementor-column-gap-no\">\n\t\t\t\t\t<div class=\"elementor-column elementor-col-50 elementor-top-column elementor-element elementor-element-1fb97446\" data-id=\"1fb97446\" data-element_type=\"column\" data-e-type=\"column\">\n\t\t\t<div class=\"elementor-widget-wrap elementor-element-populated\">\n\t\t\t\t\t\t<div class=\"elementor-element elementor-element-3a164e7 elementor-hidden-phone elementor-view-default elementor-widget elementor-widget-icon\" data-id=\"3a164e7\" data-element_type=\"widget\" data-e-type=\"widget\" data-widget_type=\"icon.default\">\n\t\t\t\t<div class=\"elementor-widget-container\">\n\t\t\t\t\t\t\t<div class=\"elementor-icon-wrapper\">\n\t\t\t<div class=\"elementor-icon\">\n\t\t\t\t\t\t\t<i class=\"eci hello-icon_main\" aria-hidden=\"true\"><\/i>\n\t\t\t\t\t\t<\/div>\n\t\t<\/div>\n\t\t\t\t\t\t<\/div>\n\t\t\t\t<\/div>\n\t\t\t\t\t<\/div>\n\t\t<\/div>\n\t\t\t\t<div class=\"elementor-column elementor-col-50 elementor-top-column elementor-element elementor-element-56eb48d3\" data-id=\"56eb48d3\" data-element_type=\"column\" data-e-type=\"column\">\n\t\t\t<div class=\"elementor-widget-wrap elementor-element-populated\">\n\t\t\t\t\t\t<div class=\"elementor-element elementor-element-5d3a5970 elementor-widget elementor-widget-text-editor\" data-id=\"5d3a5970\" data-element_type=\"widget\" data-e-type=\"widget\" data-widget_type=\"text-editor.default\">\n\t\t\t\t<div class=\"elementor-widget-container\">\n\t\t\t\t\t\t\t\t\t<p><!-- [if gte mso 9]><xml>\n <o:DocumentProperties>\n  <o:Template>Normal.dotm<\/o:Template>\n  <o:Revision>0<\/o:Revision>\n  <o:TotalTime>0<\/o:TotalTime>\n  <o:Pages>1<\/o:Pages>\n  <o:Words>29<\/o:Words>\n  <o:Characters>169<\/o:Characters>\n  <o:Company>Vorw\u00e4rts Werbung<\/o:Company>\n  <o:Lines>1<\/o:Lines>\n  <o:Paragraphs>1<\/o:Paragraphs>\n  <o:CharactersWithSpaces>207<\/o:CharactersWithSpaces>\n  <o:Version>12.0<\/o:Version>\n <\/o:DocumentProperties>\n <o:OfficeDocumentSettings>\n  <o:AllowPNG\/>\n <\/o:OfficeDocumentSettings>\n<\/xml><![endif]--><!-- [if gte mso 9]><xml>\n <w:WordDocument>\n  <w:Zoom>0<\/w:Zoom>\n  <w:TrackMoves>false<\/w:TrackMoves>\n  <w:TrackFormatting\/>\n  <w:HyphenationZone>21<\/w:HyphenationZone>\n  <w:PunctuationKerning\/>\n  <w:DrawingGridHorizontalSpacing>18 pt<\/w:DrawingGridHorizontalSpacing>\n  <w:DrawingGridVerticalSpacing>18 pt<\/w:DrawingGridVerticalSpacing>\n  <w:DisplayHorizontalDrawingGridEvery>0<\/w:DisplayHorizontalDrawingGridEvery>\n  <w:DisplayVerticalDrawingGridEvery>0<\/w:DisplayVerticalDrawingGridEvery>\n  <w:ValidateAgainstSchemas\/>\n  <w:SaveIfXMLInvalid>false<\/w:SaveIfXMLInvalid>\n  <w:IgnoreMixedContent>false<\/w:IgnoreMixedContent>\n  <w:AlwaysShowPlaceholderText>false<\/w:AlwaysShowPlaceholderText>\n  <w:Compatibility>\n   <w:BreakWrappedTables\/>\n   <w:DontGrowAutofit\/>\n   <w:DontAutofitConstrainedTables\/>\n   <w:DontVertAlignInTxbx\/>\n  <\/w:Compatibility>\n <\/w:WordDocument>\n<\/xml><![endif]--><!-- [if gte mso 9]><xml>\n <w:LatentStyles DefLockedState=\"false\" LatentStyleCount=\"276\">\n <\/w:LatentStyles>\n<\/xml><![endif]--> <style>\n<!--\n \/* Font Definitions *\/\n@font-face\n\t{font-family:Calibri;\n\tpanose-1:2 15 5 2 2 2 4 3 2 4;\n\tmso-font-charset:0;\n\tmso-generic-font-family:auto;\n\tmso-font-pitch:variable;\n\tmso-font-signature:3 0 0 0 1 0;}\n \/* Style Definitions *\/\np.MsoNormal, li.MsoNormal, div.MsoNormal\n\t{mso-style-parent:\"\";\n\tmargin-top:0cm;\n\tmargin-right:0cm;\n\tmargin-bottom:8.0pt;\n\tmargin-left:0cm;\n\tline-height:107%;\n\tmso-pagination:widow-orphan;\n\tfont-size:11.0pt;\n\tfont-family:\"Times New Roman\";\n\tmso-ascii-font-family:Calibri;\n\tmso-ascii-theme-font:minor-latin;\n\tmso-fareast-font-family:Calibri;\n\tmso-fareast-theme-font:minor-latin;\n\tmso-hansi-font-family:Calibri;\n\tmso-hansi-theme-font:minor-latin;\n\tmso-bidi-font-family:\"Times New Roman\";\n\tmso-bidi-theme-font:minor-bidi;\n\tmso-ansi-language:ES;\n\tmso-fareast-language:EN-US;}\n@page Section1\n\t{size:612.0pt 792.0pt;\n\tmargin:70.85pt 70.85pt 2.0cm 70.85pt;\n\tmso-header-margin:36.0pt;\n\tmso-footer-margin:36.0pt;\n\tmso-paper-source:0;}\ndiv.Section1\n\t{page:Section1;}\n-->\n<\/style> <!-- [if gte mso 10]>\n<style>\n \/* Style Definitions *\/\ntable.MsoNormalTable\n\t{mso-style-name:\"Normale Tabelle\";\n\tmso-tstyle-rowband-size:0;\n\tmso-tstyle-colband-size:0;\n\tmso-style-noshow:yes;\n\tmso-style-parent:\"\";\n\tmso-padding-alt:0cm 5.4pt 0cm 5.4pt;\n\tmso-para-margin-top:0cm;\n\tmso-para-margin-right:0cm;\n\tmso-para-margin-bottom:8.0pt;\n\tmso-para-margin-left:0cm;\n\tline-height:107%;\n\tmso-pagination:widow-orphan;\n\tfont-size:11.0pt;\n\tfont-family:\"Times New Roman\";\n\tmso-ascii-font-family:Calibri;\n\tmso-ascii-theme-font:minor-latin;\n\tmso-hansi-font-family:Calibri;\n\tmso-hansi-theme-font:minor-latin;\n\tmso-ansi-language:ES;\n\tmso-fareast-language:EN-US;}\n<\/style>\n<![endif]--> <!--StartFragment--> <!--EndFragment--><\/p><p><b style=\"mso-bidi-font-weight: normal;\"><span lang=\"DE-AT\" style=\"mso-ansi-language: DE-AT;\">you:<span style=\"mso-spacerun: yes;\">\u00a0 <\/span><\/span><\/b><span lang=\"DE-AT\" style=\"mso-ansi-language: DE-AT;\">bei alledem steht der Mensch f\u00fcr uns im Mittelpunkt: Wo liegen seine gr\u00f6ssten Talente? Welche Werkzeuge k\u00f6nnen wir ihm an die Hand geben, welche Hilfestellung geben, welche Fertigkeiten trainieren?<\/span><\/p>\t\t\t\t\t\t\t\t<\/div>\n\t\t\t\t<\/div>\n\t\t\t\t\t<\/div>\n\t\t<\/div>\n\t\t\t\t\t<\/div>\n\t\t<\/section>\n\t\t\t\t<section class=\"elementor-section elementor-top-section elementor-element elementor-element-5c65b321 elementor-section-full_width elementor-section-height-default elementor-section-height-default\" data-id=\"5c65b321\" data-element_type=\"section\" data-e-type=\"section\">\n\t\t\t\t\t\t<div class=\"elementor-container elementor-column-gap-default\">\n\t\t\t\t\t<div class=\"elementor-column elementor-col-100 elementor-top-column elementor-element elementor-element-49d581aa\" data-id=\"49d581aa\" data-element_type=\"column\" data-e-type=\"column\">\n\t\t\t<div class=\"elementor-widget-wrap elementor-element-populated\">\n\t\t\t\t\t\t<div class=\"elementor-element elementor-element-2c638039 elementor-widget elementor-widget-image\" data-id=\"2c638039\" data-element_type=\"widget\" data-e-type=\"widget\" data-widget_type=\"image.default\">\n\t\t\t\t<div class=\"elementor-widget-container\">\n\t\t\t\t\t\t\t\t\t\t\t\t\t\t\t<img decoding=\"async\" width=\"1\" height=\"1\" src=\"https:\/\/www.artefactyou.com\/wp-content\/uploads\/2018\/09\/Polygone_hintergrund_footer_neu.svg\" class=\"attachment-full size-full wp-image-938\" alt=\"\" \/>\t\t\t\t\t\t\t\t\t\t\t\t\t\t\t<\/div>\n\t\t\t\t<\/div>\n\t\t\t\t\t<\/div>\n\t\t<\/div>\n\t\t\t\t\t<\/div>\n\t\t<\/section>\n\t\t\t\t<section class=\"elementor-section elementor-top-section elementor-element elementor-element-81dd515 elementor-section-stretched elementor-section-full_width elementor-section-height-default elementor-section-height-default\" data-id=\"81dd515\" data-element_type=\"section\" data-e-type=\"section\" data-settings=\"{&quot;stretch_section&quot;:&quot;section-stretched&quot;,&quot;background_background&quot;:&quot;classic&quot;}\">\n\t\t\t\t\t\t<div class=\"elementor-container elementor-column-gap-default\">\n\t\t\t\t\t<div class=\"elementor-column elementor-col-100 elementor-top-column elementor-element elementor-element-3850c98\" data-id=\"3850c98\" data-element_type=\"column\" data-e-type=\"column\">\n\t\t\t<div class=\"elementor-widget-wrap\">\n\t\t\t\t\t\t\t<\/div>\n\t\t<\/div>\n\t\t\t\t\t<\/div>\n\t\t<\/section>\n\t\t\t\t<\/div>\n\t\t","protected":false},"excerpt":{"rendered":"<p>you | Organisationsentwicklung Wir analysieren Strukturen und \u00fcberpr\u00fcfen Abl\u00e4ufe, um Problemzonen zu erkennen. Unser gemeinsames Ziel ist es, Potenziale freizumachen und Talent zur Entfaltung zu bringen, um so Innovation zu f\u00f6rdern. Der essentielle Wert des kreativen Elements und einer interaktiven Kommunikation wird verstanden und in unsere Organisation eingef\u00fchrt. Unser Programm: Brand &amp; Identit\u00e4ts-Management Situations- und [&hellip;]<\/p>\n","protected":false},"author":1,"featured_media":0,"parent":0,"menu_order":0,"comment_status":"closed","ping_status":"closed","template":"","meta":{"inline_featured_image":false,"ocean_post_layout":"","ocean_both_sidebars_style":"","ocean_both_sidebars_content_width":0,"ocean_both_sidebars_sidebars_width":0,"ocean_sidebar":"0","ocean_second_sidebar":"0","ocean_disable_margins":"on","ocean_add_body_class":"","ocean_shortcode_before_top_bar":"","ocean_shortcode_after_top_bar":"","ocean_shortcode_before_header":"","ocean_shortcode_after_header":"","ocean_has_shortcode":"","ocean_shortcode_after_title":"","ocean_shortcode_before_footer_widgets":"","ocean_shortcode_after_footer_widgets":"","ocean_shortcode_before_footer_bottom":"","ocean_shortcode_after_footer_bottom":"","ocean_display_top_bar":"default","ocean_display_header":"default","ocean_header_style":"","ocean_center_header_left_menu":"0","ocean_custom_header_template":"0","ocean_custom_logo":0,"ocean_custom_retina_logo":0,"ocean_custom_logo_max_width":0,"ocean_custom_logo_tablet_max_width":0,"ocean_custom_logo_mobile_max_width":0,"ocean_custom_logo_max_height":0,"ocean_custom_logo_tablet_max_height":0,"ocean_custom_logo_mobile_max_height":0,"ocean_header_custom_menu":"0","ocean_menu_typo_font_family":"0","ocean_menu_typo_font_subset":"","ocean_menu_typo_font_size":0,"ocean_menu_typo_font_size_tablet":0,"ocean_menu_typo_font_size_mobile":0,"ocean_menu_typo_font_size_unit":"px","ocean_menu_typo_font_weight":"","ocean_menu_typo_font_weight_tablet":"","ocean_menu_typo_font_weight_mobile":"","ocean_menu_typo_transform":"","ocean_menu_typo_transform_tablet":"","ocean_menu_typo_transform_mobile":"","ocean_menu_typo_line_height":0,"ocean_menu_typo_line_height_tablet":0,"ocean_menu_typo_line_height_mobile":0,"ocean_menu_typo_line_height_unit":"","ocean_menu_typo_spacing":0,"ocean_menu_typo_spacing_tablet":0,"ocean_menu_typo_spacing_mobile":0,"ocean_menu_typo_spacing_unit":"","ocean_menu_link_color":"","ocean_menu_link_color_hover":"","ocean_menu_link_color_active":"","ocean_menu_link_background":"","ocean_menu_link_hover_background":"","ocean_menu_link_active_background":"","ocean_menu_social_links_bg":"","ocean_menu_social_hover_links_bg":"","ocean_menu_social_links_color":"","ocean_menu_social_hover_links_color":"","ocean_disable_title":"default","ocean_disable_heading":"default","ocean_post_title":"","ocean_post_subheading":"","ocean_post_title_style":"","ocean_post_title_background_color":"","ocean_post_title_background":0,"ocean_post_title_bg_image_position":"","ocean_post_title_bg_image_attachment":"","ocean_post_title_bg_image_repeat":"","ocean_post_title_bg_image_size":"","ocean_post_title_height":0,"ocean_post_title_bg_overlay":0.5,"ocean_post_title_bg_overlay_color":"","ocean_disable_breadcrumbs":"default","ocean_breadcrumbs_color":"","ocean_breadcrumbs_separator_color":"","ocean_breadcrumbs_links_color":"","ocean_breadcrumbs_links_hover_color":"","ocean_display_footer_widgets":"default","ocean_display_footer_bottom":"default","ocean_custom_footer_template":"0","footnotes":""},"class_list":["post-16","page","type-page","status-publish","hentry","entry"],"_links":{"self":[{"href":"https:\/\/www.artefactyou.com\/en\/wp-json\/wp\/v2\/pages\/16","targetHints":{"allow":["GET"]}}],"collection":[{"href":"https:\/\/www.artefactyou.com\/en\/wp-json\/wp\/v2\/pages"}],"about":[{"href":"https:\/\/www.artefactyou.com\/en\/wp-json\/wp\/v2\/types\/page"}],"author":[{"embeddable":true,"href":"https:\/\/www.artefactyou.com\/en\/wp-json\/wp\/v2\/users\/1"}],"replies":[{"embeddable":true,"href":"https:\/\/www.artefactyou.com\/en\/wp-json\/wp\/v2\/comments?post=16"}],"version-history":[{"count":10,"href":"https:\/\/www.artefactyou.com\/en\/wp-json\/wp\/v2\/pages\/16\/revisions"}],"predecessor-version":[{"id":993,"href":"https:\/\/www.artefactyou.com\/en\/wp-json\/wp\/v2\/pages\/16\/revisions\/993"}],"wp:attachment":[{"href":"https:\/\/www.artefactyou.com\/en\/wp-json\/wp\/v2\/media?parent=16"}],"curies":[{"name":"wp","href":"https:\/\/api.w.org\/{rel}","templated":true}]}}